{"id":3,"date":"2019-10-29T11:27:11","date_gmt":"2019-10-29T11:27:11","guid":{"rendered":"http:\/\/zufluchtfamilie.at\/?page_id=3"},"modified":"2019-11-19T14:13:42","modified_gmt":"2019-11-19T14:13:42","slug":"nutzungsbedingungen","status":"publish","type":"page","link":"https:\/\/zufluchtfamilie.at\/index.php\/nutzungsbedingungen\/","title":{"rendered":"Nutzungsbedingungen"},"content":{"rendered":"<p><\/p>\r\n<p><strong>Allgemein<\/strong><\/p>\r\n<p>Eine Voraussetzung f\u00fcr eine Registrierung bei www.zufluchtfamilie.at gibt es nicht.<br \/>Die Nutzungsbedingungen gelten auch f\u00fcr die Unteradresse www.refugeesinfamilies.at sowie jede andere Host- und Weiterleitungsadresse die auf das Webangebot verweist oder es bereitstellt.<\/p>\r\n<p>Der registrierte User erkennt die Geltung der neuesten Fassung dieser Nutzungsbedingungen mit der Registrierung an. Auf www.zufluchtfamilie.at werden keinesfalls Beleidigungen, Verleumdungen, T\u00e4uschungsversuche, Verunglimpfungen, rechtsradikale \u00c4u\u00dferungen sowie Bilder mit verbotenen Zeichen im Sinne des Verbotsgesetz (z.B. Hakenkreuze) geduldet. Das Team von www.zufluchtfamilie.at beh\u00e4lt es sich nach eigenem Ermessen vor, Inhalte und User, auch ohne vorherige Ank\u00fcndigung zu l\u00f6schen, zu verschieben und\/oder zu editieren.<\/p>\r\n<p><strong>Datenschutz<\/strong><\/p>\r\n<p>Alle durch www.zufluchtfamilie.at erhobenen Daten werden nur innerhalb von www.zufluchtfamilie.at ausgewertet und weiterverarbeitet. Eine Weitergabe an Dritte ist ohne ausdr\u00fcckliche Genehmigung ausgeschlossen. Die entsprechenden Regelungen des \u00f6sterreichischen Datenschutzgesetzes in der aktuell g\u00fcltigen Fassung werden eingehalten.<\/p>\r\n<p><strong>Zugangsdaten\/Profildaten<\/strong><\/p>\r\n<p>Jeder registrierte User ist daf\u00fcr verantwortlich seinen Benutzernamen und sein Kennwort, welche er f\u00fcr den Mitglieder-Zugang auf www.zufluchtfamilie.at erh\u00e4lt, vertraulich zu behandeln. Weiters ist jeder registrierte User verpflichtet, g\u00fcltige Kontaktdaten anzugeben (E-Mail-Adresse, Name, Ort, etc.) bzw. diese auch aktuell zu halten.<\/p>\r\n<p><strong>Newsletter<\/strong><\/p>\r\n<p>Jeder registrierte User stimmt der Zusendung von Informationen durch www.zufluchtfamilie.at zu.<\/p>\r\n<p><strong>Haftungsausschluss<\/strong><\/p>\r\n<p>Alle Inhalte auf www.zufluchtfamilie.at (Texte und Bilder), die von registrierten Usern stammen, werden unter der Garantie des registrierten Users hier ver\u00f6ffentlicht, dass diese frei von Rechten Dritter sind. www.zufluchtfamilie.at haftet nicht f\u00fcr Texte und Bilder die von registrierten Usern online gestellt wurden. Daf\u00fcr haftet ausschlie\u00dflich der registrierte User selbst.<\/p>\r\n<p><strong>Copyright<\/strong><\/p>\r\n<p>S\u00e4mtliche ver\u00f6ffentlichte Inhalte auf www.zufluchtfamilie.at sind urheberrechtlich gesch\u00fctzt. Es ist daher ohne vorherige schriftliche Genehmigung von www.zufluchtfamilie.at untersagt, s\u00e4mtliche Inhalte (oder Teile davon) zu vervielf\u00e4ltigen und\/oder zu ver\u00f6ffentlichen.<\/p>\r\n<p><strong>Gew\u00e4hrleistung<\/strong><\/p>\r\n<p>www.zufluchtfamilie.at ist bem\u00fcht, die Qualit\u00e4t der angebotenen Inhalte zu sichern. Da die Inhalte jedoch teilweise von Dritten stammen, \u00fcbernimmt www.zufluchtfamilie.at keinerlei Gew\u00e4hr f\u00fcr diese Inhalte. Der User erkl\u00e4rt sich damit einverstanden, dass die Verwendung der Inhalte von www.zufluchtfamilie.at auf eigenes Risiko erfolgt und er keine Gew\u00e4hrleistungsanspr\u00fcche gegen www.zufluchtfamilie.at wegen dieser fremden Inhalte geltend machen wird. Weiters beh\u00e4lt sich www.zufluchtfamilie.at das Recht vor, angebotene Dienste oder einen Teil davon ohne Angabe von Gr\u00fcnden einzustellen.<\/p>\r\n<p><strong>\u00c4nderung der Nutzungsbedingungen<\/strong><\/p>\r\n<p>www.zufluchtfamilie.at beh\u00e4lt sich das Recht vor, die Nutzungsbedingungen jederzeit zu \u00e4ndern. Falls sich die Nutzungsbedingungen \u00e4ndern, sind diese auf der Webseite ver\u00f6ffentlicht. Der User kann der \u00c4nderung der Nutzungsbedingungen binnen 14 Tagen per E-Mail\u00a0 widersprechen. In diesem Fall endet die Mitgliedschaft auf www.zufluchtfamilie.at. <\/p>\r\n<p><strong>Salvatorische Klausel<\/strong><\/p>\r\n<p>Sofern eine Bestimmung dieser Nutzungsbedingungen unwirksam ist oder wird, oder sich darin eine L\u00fccke befindet, tritt an ihre Stelle die g\u00fcltige Bestimmung, die dem Rechtsgedanken der unwirksamen Bestimmung am n\u00e4chsten kommt. Sofern Teile oder einzelne Formulierungen dieses Textes der geltenden Rechtslage nicht, nicht mehr oder nicht vollst\u00e4ndig entsprechen sollten, bleiben die \u00fcbrigen Teile des Dokumentes in ihrem Inhalt und ihrer G\u00fcltigkeit davon unber\u00fchrt. Die Nutzung des Webangebotes von www.zufluchtfamilie.at setzt die Kenntnis, Annahme und das Einhalten dieser Nutzungsbedingungen voraus! Es gilt \u00f6sterreichisches Recht.<\/p>\r\n<p><strong>Rechtsbehelfsbelehrung<\/strong><\/p>\r\n<p>Ihnen stehen grunds\u00e4tzlich die Rechte auf Auskunft, Berichtigung, L\u00f6schung, Einschr\u00e4nkung, Daten\u00fcbertragbarkeit und Widerspruch zu. Daf\u00fcr wenden Sie sich an uns. Wenn Sie glauben, dass die Verarbeitung Ihrer Daten gegen das Datenschutzrecht verst\u00f6\u00dft oder Ihre datenschutzrechtlichen Anspr\u00fcche sonst in einer Weise verletzt worden sind, k\u00f6nnen Sie sich bei der Aufsichtsbeh\u00f6rde beschweren. In \u00d6sterreich ist die <a href=\"http:\/\/dsb.gv.at\/\">Datenschutzbeh\u00f6rde<\/a> zust\u00e4ndig.<\/p>\r\n<p><\/p>","protected":false},"excerpt":{"rendered":"<p>Allgemein Eine Voraussetzung f\u00fcr eine Registrierung bei www.zufluchtfamilie.at gibt es nicht.Die Nutzungsbedingungen gelten auch f\u00fcr die Unteradresse www.refugeesinfamilies.at sowie jede andere Host- und Weiterleitungsadresse die auf das Webangebot verweist oder es bereitstellt. Der registrierte User erkennt die Geltung der neuesten Fassung dieser Nutzungsbedingungen mit der Registrierung an. Auf www.zufluchtfamilie.at werden keinesfalls Beleidigungen, Verleumdungen, T\u00e4uschungsversuche, Verunglimpfungen, &hellip; <\/p>\n<p class=\"link-more\"><a href=\"https:\/\/zufluchtfamilie.at\/index.php\/nutzungsbedingungen\/\" class=\"more-link\"><span class=\"screen-reader-text\">\u201eNutzungsbedingungen\u201c <\/span>weiterlesen<\/a><\/p>\n","protected":false},"author":1,"featured_media":0,"parent":0,"menu_order":0,"comment_status":"closed","ping_status":"closed","template":"","meta":{"footnotes":""},"class_list":["post-3","page","type-page","status-publish","hentry"],"translation":{"provider":"WPGlobus","version":"3.0.2","language":"de","enabled_languages":["de","en"],"languages":{"de":{"title":true,"content":true,"excerpt":false},"en":{"title":true,"content":true,"excerpt":false}}},"_links":{"self":[{"href":"https:\/\/zufluchtfamilie.at\/index.php\/wp-json\/wp\/v2\/pages\/3","targetHints":{"allow":["GET"]}}],"collection":[{"href":"https:\/\/zufluchtfamilie.at\/index.php\/wp-json\/wp\/v2\/pages"}],"about":[{"href":"https:\/\/zufluchtfamilie.at\/index.php\/wp-json\/wp\/v2\/types\/page"}],"author":[{"embeddable":true,"href":"https:\/\/zufluchtfamilie.at\/index.php\/wp-json\/wp\/v2\/users\/1"}],"replies":[{"embeddable":true,"href":"https:\/\/zufluchtfamilie.at\/index.php\/wp-json\/wp\/v2\/comments?post=3"}],"version-history":[{"count":3,"href":"https:\/\/zufluchtfamilie.at\/index.php\/wp-json\/wp\/v2\/pages\/3\/revisions"}],"predecessor-version":[{"id":109,"href":"https:\/\/zufluchtfamilie.at\/index.php\/wp-json\/wp\/v2\/pages\/3\/revisions\/109"}],"wp:attachment":[{"href":"https:\/\/zufluchtfamilie.at\/index.php\/wp-json\/wp\/v2\/media?parent=3"}],"curies":[{"name":"wp","href":"https:\/\/api.w.org\/{rel}","templated":true}]}}